{"id":4063,"date":"2021-04-05T22:40:32","date_gmt":"2021-04-05T22:40:32","guid":{"rendered":"https:\/\/owmwines.cl\/es\/?page_id=4063"},"modified":"2024-04-11T18:02:51","modified_gmt":"2024-04-11T18:02:51","slug":"owm-tienda","status":"publish","type":"page","link":"https:\/\/owmwines.cl\/es\/owm-tienda\/","title":{"rendered":"Tienda-vinos"},"content":{"rendered":"<p>[et_pb_section fb_built=\u00bb1&#8243; _builder_version=\u00bb4.16&#8243; _module_preset=\u00bbdefault\u00bb width=\u00bb100%\u00bb max_width=\u00bb100%\u00bb min_height=\u00bb240.8px\u00bb min_height_tablet=\u00bb\u00bb min_height_phone=\u00bb\u00bb min_height_last_edited=\u00bbon|phone\u00bb height=\u00bb126px\u00bb height_tablet=\u00bb\u00bb height_phone=\u00bb\u00bb height_last_edited=\u00bbon|phone\u00bb max_height=\u00bb133px\u00bb max_height_tablet=\u00bb\u00bb max_height_phone=\u00bb\u00bb max_height_last_edited=\u00bbon|phone\u00bb da_disable_devices=\u00bboff|off|off\u00bb global_colors_info=\u00bb{}\u00bb da_is_popup=\u00bboff\u00bb da_exit_intent=\u00bboff\u00bb da_has_close=\u00bbon\u00bb da_alt_close=\u00bboff\u00bb da_dark_close=\u00bboff\u00bb da_not_modal=\u00bbon\u00bb da_is_singular=\u00bboff\u00bb da_with_loader=\u00bboff\u00bb da_has_shadow=\u00bbon\u00bb][et_pb_row column_structure=\u00bb1_3,1_3,1_3&#8243; _builder_version=\u00bb4.16&#8243; _module_preset=\u00bbdefault\u00bb global_colors_info=\u00bb{}\u00bb][et_pb_column type=\u00bb1_3&#8243; _builder_version=\u00bb4.16&#8243; _module_preset=\u00bbdefault\u00bb global_colors_info=\u00bb{}\u00bb][et_pb_text _builder_version=\u00bb4.16&#8243; _module_preset=\u00bbdefault\u00bb global_colors_info=\u00bb{}\u00bb]<\/p>\n<p style=\"text-align: justify;\">Los Despachos en RM son dentro de 4 d\u00edas h\u00e1biles, en todo caso en muchas ocasiones lo logramos antes! Tus pedidos son gestionados por nosotros directamente y entendemos que es importante lograr llegar con ellos lo antes posible.<\/p>\n<p>[\/et_pb_text][\/et_pb_column][et_pb_column type=\u00bb1_3&#8243; _builder_version=\u00bb4.16&#8243; _module_preset=\u00bbdefault\u00bb global_colors_info=\u00bb{}\u00bb][et_pb_text _builder_version=\u00bb4.23.1&#8243; _module_preset=\u00bbdefault\u00bb global_colors_info=\u00bb{}\u00bb]<\/p>\n<p style=\"text-align: justify;\">Para regiones nos podemos demorar un poco m\u00e1s. Depende tambi\u00e9n de que tan lejos te encuentres, sin embargo hacemos el mejor esfuerzo para hacer el despacho lo m\u00e1s r\u00e1pido posible. Los plazos son de 6 d\u00edas h\u00e1biles, aunque normalmente llegamos antes. Trabajamos con Fedex.<\/p>\n<p>[\/et_pb_text][\/et_pb_column][et_pb_column type=\u00bb1_3&#8243; _builder_version=\u00bb4.16&#8243; _module_preset=\u00bbdefault\u00bb global_colors_info=\u00bb{}\u00bb][et_pb_text _builder_version=\u00bb4.24.3&#8243; _module_preset=\u00bbdefault\u00bb custom_margin_last_edited=\u00bboff|phone\u00bb hover_enabled=\u00bb0&#8243; global_colors_info=\u00bb{}\u00bb sticky_enabled=\u00bb0&#8243;]<\/p>\n<p style=\"text-align: justify;\">Nos adaptamos a sus requisitos en la medida que podamos. Ante cualquier duda puedes contactarnos por el formulario o por whatsApp.<\/p>\n<p style=\"text-align: justify;\">Para conocer los terminos y condiciones del servicio haz click <a href=\"https:\/\/owmwines.cl\/es\/wp-content\/uploads\/2024\/04\/TERMINOS-DEL-SERVICIO.pdf\" target=\"_blank\" rel=\"noopener\">aqu\u00ed<\/a><\/p>\n<p>[\/et_pb_text][\/et_pb_column][\/et_pb_row][\/et_pb_section][et_pb_section fb_built=\u00bb1&#8243; admin_label=\u00bbSecci\u00f3n Vinos\u00bb _builder_version=\u00bb4.16&#8243; _module_preset=\u00bbdefault\u00bb background_enable_color=\u00bboff\u00bb da_disable_devices=\u00bboff|off|off\u00bb collapsed=\u00bbon\u00bb global_colors_info=\u00bb{}\u00bb da_is_popup=\u00bboff\u00bb da_exit_intent=\u00bboff\u00bb da_has_close=\u00bbon\u00bb da_alt_close=\u00bboff\u00bb da_dark_close=\u00bboff\u00bb da_not_modal=\u00bbon\u00bb da_is_singular=\u00bboff\u00bb da_with_loader=\u00bboff\u00bb da_has_shadow=\u00bbon\u00bb][et_pb_row admin_label=\u00bbFila Vinos\u00bb _builder_version=\u00bb4.16&#8243; _module_preset=\u00bbdefault\u00bb collapsed=\u00bbon\u00bb global_colors_info=\u00bb{}\u00bb][et_pb_column type=\u00bb4_4&#8243; _builder_version=\u00bb4.16&#8243; _module_preset=\u00bbdefault\u00bb global_colors_info=\u00bb{}\u00bb][et_pb_text admin_label=\u00bbTexto VINOS\u00bb _builder_version=\u00bb4.16&#8243; _module_preset=\u00bbdefault\u00bb text_font=\u00bb|||on|||||\u00bb text_text_color=\u00bb#424242&#8243; text_font_size=\u00bb40px\u00bb text_orientation=\u00bbcenter\u00bb text_font_size_tablet=\u00bb\u00bb text_font_size_phone=\u00bb30px\u00bb text_font_size_last_edited=\u00bbon|phone\u00bb locked=\u00bboff\u00bb global_colors_info=\u00bb{}\u00bb]<\/p>\n<p>LA TIENDA OWM<\/p>\n<p>[\/et_pb_text][et_pb_divider _builder_version=\u00bb4.16&#8243; _module_preset=\u00bbdefault\u00bb background_enable_image=\u00bboff\u00bb width=\u00bb100px\u00bb module_alignment=\u00bbcenter\u00bb min_height=\u00bb35px\u00bb custom_margin=\u00bb0px||0px||false|false\u00bb custom_padding=\u00bb0px||0px||false|false\u00bb filter_sepia=\u00bb100%\u00bb global_colors_info=\u00bb{}\u00bb][\/et_pb_divider][et_pb_shop type=\u00bbproduct_category\u00bb posts_number=\u00bb24&#8243; include_categories=\u00bb27&#8243; orderby=\u00bbmenu_order\u00bb sale_badge_color=\u00bb#000000&#8243; hover_overlay_color=\u00bbrgba(0,0,0,0.33)\u00bb _builder_version=\u00bb4.16&#8243; _module_preset=\u00bbdefault\u00bb title_text_align=\u00bbcenter\u00bb price_text_align=\u00bbcenter\u00bb sale_badge_text_color=\u00bb#FFFFFF\u00bb text_orientation=\u00bbcenter\u00bb width=\u00bb100%\u00bb width_tablet=\u00bb\u00bb width_phone=\u00bb\u00bb width_last_edited=\u00bbon|desktop\u00bb max_width=\u00bb100%\u00bb max_width_tablet=\u00bb\u00bb max_width_phone=\u00bb\u00bb max_width_last_edited=\u00bbon|desktop\u00bb custom_margin=\u00bb7%||||false|false\u00bb custom_margin_tablet=\u00bb\u00bb custom_margin_phone=\u00bb\u00bb custom_margin_last_edited=\u00bbon|desktop\u00bb sale_badge_font_size_tablet=\u00bb\u00bb sale_badge_font_size_phone=\u00bb10px\u00bb sale_badge_font_size_last_edited=\u00bbon|phone\u00bb border_width_all_image=\u00bb0px\u00bb global_colors_info=\u00bb{}\u00bb][\/et_pb_shop][\/et_pb_column][\/et_pb_row][\/et_pb_section]<\/p>\n","protected":false},"excerpt":{"rendered":"<p>Los Despachos en RM son dentro de 4 d\u00edas h\u00e1biles, en todo caso en muchas ocasiones lo logramos antes! Tus pedidos son gestionados por nosotros directamente y entendemos que es importante lograr llegar con ellos lo antes posible.Para regiones nos podemos demorar un poco m\u00e1s. Depende tambi\u00e9n de que tan lejos te encuentres, sin embargo [&hellip;]<\/p>\n","protected":false},"author":1,"featured_media":0,"parent":0,"menu_order":0,"comment_status":"closed","ping_status":"closed","template":"","meta":{"_et_pb_use_builder":"on","_et_pb_old_content":"","_et_gb_content_width":"","footnotes":""},"class_list":["post-4063","page","type-page","status-publish","hentry"],"_links":{"self":[{"href":"https:\/\/owmwines.cl\/es\/wp-json\/wp\/v2\/pages\/4063","targetHints":{"allow":["GET"]}}],"collection":[{"href":"https:\/\/owmwines.cl\/es\/wp-json\/wp\/v2\/pages"}],"about":[{"href":"https:\/\/owmwines.cl\/es\/wp-json\/wp\/v2\/types\/page"}],"author":[{"embeddable":true,"href":"https:\/\/owmwines.cl\/es\/wp-json\/wp\/v2\/users\/1"}],"replies":[{"embeddable":true,"href":"https:\/\/owmwines.cl\/es\/wp-json\/wp\/v2\/comments?post=4063"}],"version-history":[{"count":21,"href":"https:\/\/owmwines.cl\/es\/wp-json\/wp\/v2\/pages\/4063\/revisions"}],"predecessor-version":[{"id":7455,"href":"https:\/\/owmwines.cl\/es\/wp-json\/wp\/v2\/pages\/4063\/revisions\/7455"}],"wp:attachment":[{"href":"https:\/\/owmwines.cl\/es\/wp-json\/wp\/v2\/media?parent=4063"}],"curies":[{"name":"wp","href":"https:\/\/api.w.org\/{rel}","templated":true}]}}