{"id":5209,"date":"2021-04-22T06:38:48","date_gmt":"2021-04-22T06:38:48","guid":{"rendered":"https:\/\/owmwines.cl\/es\/?post_type=product&#038;p=5209"},"modified":"2023-09-04T20:50:14","modified_gmt":"2023-09-04T20:50:14","slug":"contao-tempranillo-2017","status":"publish","type":"product","link":"https:\/\/owmwines.cl\/es\/producto\/contao-tempranillo-2017\/","title":{"rendered":"CONTAO TEMPRANILLO CABERNET SAUVIGNON 2017"},"content":{"rendered":"<p>[et_pb_section fb_built=\u00bb1&#8243; _builder_version=\u00bb4.16&#8243; custom_padding=\u00bb0px||||false|false\u00bb da_disable_devices=\u00bboff|off|off\u00bb global_colors_info=\u00bb{}\u00bb da_is_popup=\u00bboff\u00bb da_exit_intent=\u00bboff\u00bb da_has_close=\u00bbon\u00bb da_alt_close=\u00bboff\u00bb da_dark_close=\u00bboff\u00bb da_not_modal=\u00bbon\u00bb da_is_singular=\u00bboff\u00bb da_with_loader=\u00bboff\u00bb da_has_shadow=\u00bbon\u00bb][et_pb_row _builder_version=\u00bb4.16&#8243; background_size=\u00bbinitial\u00bb background_position=\u00bbtop_left\u00bb background_repeat=\u00bbrepeat\u00bb width=\u00bb100%\u00bb custom_padding=\u00bb0px||0px||false|false\u00bb global_colors_info=\u00bb{}\u00bb][et_pb_column type=\u00bb4_4&#8243; _builder_version=\u00bb4.16&#8243; custom_padding=\u00bb|||\u00bb global_colors_info=\u00bb{}\u00bb custom_padding__hover=\u00bb|||\u00bb][et_pb_wc_cart_notice _builder_version=\u00bb4.16&#8243; title_font_size=\u00bb15px\u00bb background_color=\u00bbrgba(10,0,0,0.74)\u00bb body_font_size=\u00bb15px\u00bb global_colors_info=\u00bb{}\u00bb][\/et_pb_wc_cart_notice][\/et_pb_column][\/et_pb_row][et_pb_row column_structure=\u00bb1_2,1_2&#8243; use_custom_gutter=\u00bbon\u00bb _builder_version=\u00bb4.16&#8243; background_size=\u00bbinitial\u00bb background_position=\u00bbtop_left\u00bb background_repeat=\u00bbrepeat\u00bb width=\u00bb100%\u00bb custom_padding=\u00bb0px||||false|false\u00bb global_colors_info=\u00bb{}\u00bb][et_pb_column type=\u00bb1_2&#8243; _builder_version=\u00bb4.16&#8243; custom_padding=\u00bb|||\u00bb global_colors_info=\u00bb{}\u00bb custom_padding__hover=\u00bb|||\u00bb][et_pb_image src=\u00bbhttps:\/\/owmwines.cl\/es\/wp-content\/uploads\/2021\/04\/contao-tempranillo-ca.png\u00bb title_text=\u00bbCONTAO TEMPRANILLO 2015&#8243; align_tablet=\u00bbcenter\u00bb align_phone=\u00bb\u00bb align_last_edited=\u00bbon|tablet\u00bb _builder_version=\u00bb4.16&#8243; _module_preset=\u00bbdefault\u00bb width=\u00bb500px\u00bb width_tablet=\u00bb60%\u00bb width_phone=\u00bb100%\u00bb width_last_edited=\u00bbon|phone\u00bb max_width=\u00bb500px\u00bb max_width_tablet=\u00bb\u00bb max_width_phone=\u00bb\u00bb max_width_last_edited=\u00bbon|phone\u00bb module_alignment=\u00bbcenter\u00bb min_height=\u00bb500px\u00bb min_height_tablet=\u00bb\u00bb min_height_phone=\u00bb\u00bb min_height_last_edited=\u00bbon|phone\u00bb height_tablet=\u00bb\u00bb height_phone=\u00bb\u00bb height_last_edited=\u00bbon|phone\u00bb custom_margin=\u00bb|||-100px|false|false\u00bb custom_margin_tablet=\u00bb|||0px|false|false\u00bb custom_margin_phone=\u00bb|||0px|false|false\u00bb custom_margin_last_edited=\u00bbon|phone\u00bb global_colors_info=\u00bb{}\u00bb][\/et_pb_image][\/et_pb_column][et_pb_column type=\u00bb1_2&#8243; _builder_version=\u00bb4.16&#8243; custom_padding=\u00bb|||\u00bb global_colors_info=\u00bb{}\u00bb custom_padding__hover=\u00bb|||\u00bb][et_pb_wc_title _builder_version=\u00bb4.16&#8243; global_colors_info=\u00bb{}\u00bb][\/et_pb_wc_title][et_pb_wc_price _builder_version=\u00bb4.16&#8243; body_font_size=\u00bb18px\u00bb global_colors_info=\u00bb{}\u00bb][\/et_pb_wc_price][et_pb_button button_url=\u00bbhttps:\/\/owmwines.cl\/es\/wp-content\/uploads\/2021\/04\/FICHA-CONTAO-TEMPRANILLO_CAB-S.pdf\u00bb url_new_window=\u00bbon\u00bb button_text=\u00bbVER FICHA\u00bb button_alignment=\u00bbright\u00bb admin_label=\u00bbBot\u00f3n &#8211; Ver Ficha\u00bb _builder_version=\u00bb4.16&#8243; _module_preset=\u00bbdefault\u00bb global_colors_info=\u00bb{}\u00bb][\/et_pb_button][et_pb_wc_add_to_cart disabled_on=\u00bboff|off|off\u00bb _builder_version=\u00bb4.16&#8243; fields_background_color=\u00bbrgba(247,247,247,0.72)\u00bb fields_text_color=\u00bb#919191&#8243; fields_focus_background_color=\u00bb#f9f9f9&#8243; fields_focus_text_color=\u00bb#5e5e5e\u00bb fields_font_size=\u00bb15px\u00bb background_enable_color=\u00bboff\u00bb custom_css_main_element=\u00bbtext-align: right;||\u00bb border_radii_fields=\u00bbon||||\u00bb locked=\u00bboff\u00bb global_colors_info=\u00bb{}\u00bb][\/et_pb_wc_add_to_cart][et_pb_gallery gallery_ids=\u00bb6838,6859,6826&#8243; posts_number=\u00bb5&#8243; show_title_and_caption=\u00bboff\u00bb show_pagination=\u00bboff\u00bb zoom_icon_color=\u00bbRGBA(0,0,0,0)\u00bb hover_overlay_color=\u00bbRGBA(0,0,0,0)\u00bb disabled_on=\u00bboff|off|off\u00bb admin_label=\u00bbGaler\u00eda con premios\u00bb _builder_version=\u00bb4.16&#8243; _module_preset=\u00bbdefault\u00bb background_enable_color=\u00bboff\u00bb width=\u00bb100%\u00bb module_alignment=\u00bbleft\u00bb link_option_url=\u00bb#\u00bb custom_css_main_element=\u00bb||||\u00bb custom_css_gallery_item=\u00bbpadding: 3px;||margin: 0 !important;||width: 25% !important;||clear: none !important;\u00bb global_colors_info=\u00bb{}\u00bb][\/et_pb_gallery][et_pb_divider divider_position=\u00bbbottom\u00bb _builder_version=\u00bb4.16&#8243; _module_preset=\u00bbdefault\u00bb global_colors_info=\u00bb{}\u00bb][\/et_pb_divider][et_pb_wc_description _builder_version=\u00bb4.16&#8243; hover_enabled=\u00bb0&#8243; global_colors_info=\u00bb{}\u00bb sticky_enabled=\u00bb0&#8243;][\/et_pb_wc_description][et_pb_wc_add_to_cart disabled_on=\u00bboff|off|off\u00bb _builder_version=\u00bb4.16&#8243; fields_background_color=\u00bbrgba(247,247,247,0.72)\u00bb fields_text_color=\u00bb#919191&#8243; fields_focus_background_color=\u00bb#f9f9f9&#8243; fields_focus_text_color=\u00bb#5e5e5e\u00bb fields_font_size=\u00bb15px\u00bb background_enable_color=\u00bboff\u00bb border_radii_fields=\u00bbon||||\u00bb global_colors_info=\u00bb{}\u00bb][\/et_pb_wc_add_to_cart][et_pb_wc_meta show_sku=\u00bboff\u00bb show_categories=\u00bboff\u00bb show_tags=\u00bboff\u00bb _builder_version=\u00bb4.16&#8243; global_colors_info=\u00bb{}\u00bb][\/et_pb_wc_meta][\/et_pb_column][\/et_pb_row][\/et_pb_section]<\/p>\n","protected":false},"excerpt":{"rendered":"<table class=\"table table-sm table-borderless\">\n<tbody valign=\"top\">\n<tr>\n<th style=\"width: 266.833px;\"><label class=\"form-control-label\">VARIEDAD<\/label><\/th>\n<td style=\"width: 498.167px;\">50% Tempranillo + 50% Cab. Sauvignon<\/td>\n<\/tr>\n<tr>\n<th style=\"width: 266.833px;\"><strong>ORIGEN<\/strong><\/th>\n<td style=\"width: 498.167px;\">Colchagua<\/td>\n<\/tr>\n<tr>\n<th style=\"width: 266.833px;\"><strong>PRODUCCI\u00d3N TOTAL<\/strong><\/th>\n<td style=\"width: 498.167px;\">1.173 botellas<\/td>\n<\/tr>\n<tr>\n<th style=\"width: 266.833px;\"><strong>EXPOSICI\u00d3N Y ALTITUD<\/strong><\/th>\n<td style=\"width: 498.167px;\">Norte &#8211; 135 mts<\/td>\n<\/tr>\n<tr>\n<th style=\"width: 266.833px;\"><strong>M\u00c9TODO DE PODA<\/strong><\/th>\n<td style=\"width: 498.167px;\">Apitonada<\/td>\n<\/tr>\n<tr>\n<th style=\"width: 266.833px;\"><strong>DENSIDAD DE PLANTACI\u00d3N<\/strong><\/th>\n<td style=\"width: 498.167px;\">4.545 pl\/ha Tempranillo &#8211; 2.666 pl\/ha Cab. Sauvignon<\/td>\n<\/tr>\n<tr>\n<th style=\"width: 266.833px;\"><strong>FECHA DE COSECHA Y M\u00c9TODO<\/strong><\/th>\n<td style=\"width: 498.167px;\">27 marzo Temp &#8211; 06 abril Cab. S.<\/td>\n<\/tr>\n<tr>\n<th style=\"width: 266.833px;\"><strong>TIPO DE SUELO<\/strong><\/th>\n<td style=\"width: 498.167px;\">Gran\u00edtico<\/td>\n<\/tr>\n<tr>\n<th style=\"width: 266.833px;\"><strong>VINIFICACI\u00d3N Y FERMENTACI\u00d3N<\/strong><\/th>\n<td style=\"width: 498.167px;\">Despalillado y remontaje manual levadura nativa<\/td>\n<\/tr>\n<tr>\n<th style=\"width: 266.833px;\"><strong>GUARDA<\/strong><\/th>\n<td style=\"width: 498.167px;\">24 meses en barricas francesas de 3\u00ba y 4\u00ba uso<\/td>\n<\/tr>\n<tr>\n<th style=\"width: 266.833px;\"><strong>PRIMERA COSECHA<\/strong><\/th>\n<td style=\"width: 498.167px;\">2015<\/td>\n<\/tr>\n<tr>\n<th style=\"width: 266.833px;\"><strong>ALCOHOL<\/strong><\/th>\n<td style=\"width: 498.167px;\">14.2<\/td>\n<\/tr>\n<tr>\n<th style=\"width: 266.833px;\"><strong>\u00a0NOTAS<\/strong><\/th>\n<td style=\"width: 498.167px;\">Interesante mezcla de frutas rojas y especias, taninos suaves pero car\u00e1cter y equilibrio en boca. De color roo rub\u00ed destacan piment\u00f3n rojo asado, frutillas y cerezas. Presenta una sucrocidad interesante, taninos elegantes y jugosos que lo hacen un buen acompa\u00f1ante para aves de caza, pastas y risottos.<\/td>\n<\/tr>\n<tr>\n<th style=\"width: 266.833px;\"><strong>MARIDAJE<br \/>\n<\/strong><\/th>\n<td style=\"width: 498.167px;\">Risottos, aves de caza, pastas<\/td>\n<\/tr>\n<tr>\n<th style=\"width: 266.833px;\"><strong>T\u00ba SERVICIO<br \/>\n<\/strong><\/th>\n<td style=\"width: 498.167px;\">16\u00baC Verano y 18\u00baC Invierno<\/td>\n<\/tr>\n<tr>\n<th style=\"width: 266.833px;\"><strong>\u00a0GUARDA<\/strong><\/th>\n<td style=\"width: 498.167px;\">6 a\u00f1os<\/td>\n<\/tr>\n<\/tbody>\n<\/table>\n","protected":false},"featured_media":5179,"template":"","meta":{"_et_pb_use_builder":"on","_et_pb_old_content":"","_et_gb_content_width":""},"product_brand":[],"product_cat":[23,39],"product_tag":[],"class_list":{"0":"post-5209","1":"product","2":"type-product","3":"status-publish","4":"has-post-thumbnail","6":"product_cat-contao","7":"product_cat-contao-tempranillo-cabernet-sauvignon","9":"first","10":"instock","11":"taxable","12":"shipping-taxable","13":"purchasable","14":"product-type-simple"},"_links":{"self":[{"href":"https:\/\/owmwines.cl\/es\/wp-json\/wp\/v2\/product\/5209","targetHints":{"allow":["GET"]}}],"collection":[{"href":"https:\/\/owmwines.cl\/es\/wp-json\/wp\/v2\/product"}],"about":[{"href":"https:\/\/owmwines.cl\/es\/wp-json\/wp\/v2\/types\/product"}],"wp:featuredmedia":[{"embeddable":true,"href":"https:\/\/owmwines.cl\/es\/wp-json\/wp\/v2\/media\/5179"}],"wp:attachment":[{"href":"https:\/\/owmwines.cl\/es\/wp-json\/wp\/v2\/media?parent=5209"}],"wp:term":[{"taxonomy":"product_brand","embeddable":true,"href":"https:\/\/owmwines.cl\/es\/wp-json\/wp\/v2\/product_brand?post=5209"},{"taxonomy":"product_cat","embeddable":true,"href":"https:\/\/owmwines.cl\/es\/wp-json\/wp\/v2\/product_cat?post=5209"},{"taxonomy":"product_tag","embeddable":true,"href":"https:\/\/owmwines.cl\/es\/wp-json\/wp\/v2\/product_tag?post=5209"}],"curies":[{"name":"wp","href":"https:\/\/api.w.org\/{rel}","templated":true}]}}