{"id":7379,"date":"2023-08-31T17:19:06","date_gmt":"2023-08-31T17:19:06","guid":{"rendered":"https:\/\/owmwines.cl\/es\/?post_type=product&#038;p=7379"},"modified":"2023-11-27T14:13:16","modified_gmt":"2023-11-27T14:13:16","slug":"owm-black-edition-2021","status":"publish","type":"product","link":"https:\/\/owmwines.cl\/es\/producto\/owm-black-edition-2021\/","title":{"rendered":"OWM Black Edition 2021 edici\u00f3n 10 a\u00f1os"},"content":{"rendered":"<p>[et_pb_section fb_built=\u00bb1&#8243; _builder_version=\u00bb4.16&#8243; custom_padding=\u00bb0px||||false|false\u00bb da_disable_devices=\u00bboff|off|off\u00bb global_colors_info=\u00bb{}\u00bb da_is_popup=\u00bboff\u00bb da_exit_intent=\u00bboff\u00bb da_has_close=\u00bbon\u00bb da_alt_close=\u00bboff\u00bb da_dark_close=\u00bboff\u00bb da_not_modal=\u00bbon\u00bb da_is_singular=\u00bboff\u00bb da_with_loader=\u00bboff\u00bb da_has_shadow=\u00bbon\u00bb][et_pb_row _builder_version=\u00bb4.16&#8243; background_size=\u00bbinitial\u00bb background_position=\u00bbtop_left\u00bb background_repeat=\u00bbrepeat\u00bb width=\u00bb100%\u00bb custom_padding=\u00bb0px||0px||false|false\u00bb global_colors_info=\u00bb{}\u00bb][et_pb_column type=\u00bb4_4&#8243; _builder_version=\u00bb4.16&#8243; custom_padding=\u00bb|||\u00bb global_colors_info=\u00bb{}\u00bb custom_padding__hover=\u00bb|||\u00bb][et_pb_wc_cart_notice _builder_version=\u00bb4.16&#8243; title_font_size=\u00bb15px\u00bb background_color=\u00bbrgba(10,0,0,0.74)\u00bb body_font_size=\u00bb15px\u00bb global_colors_info=\u00bb{}\u00bb][\/et_pb_wc_cart_notice][\/et_pb_column][\/et_pb_row][et_pb_row column_structure=\u00bb1_2,1_2&#8243; use_custom_gutter=\u00bbon\u00bb _builder_version=\u00bb4.16&#8243; background_size=\u00bbinitial\u00bb background_position=\u00bbtop_left\u00bb background_repeat=\u00bbrepeat\u00bb width=\u00bb100%\u00bb custom_padding=\u00bb0px||||false|false\u00bb global_colors_info=\u00bb{}\u00bb][et_pb_column type=\u00bb1_2&#8243; _builder_version=\u00bb4.16&#8243; custom_padding=\u00bb|||\u00bb global_colors_info=\u00bb{}\u00bb custom_padding__hover=\u00bb|||\u00bb][et_pb_image src=\u00bbhttps:\/\/owmwines.cl\/es\/wp-content\/uploads\/2023\/09\/OWM-black-ed2x500-1.png\u00bb title_text=\u00bbOWM black ed2x500 (1)\u00bb align_tablet=\u00bbcenter\u00bb align_phone=\u00bb\u00bb align_last_edited=\u00bbon|tablet\u00bb _builder_version=\u00bb4.22.1&#8243; _module_preset=\u00bbdefault\u00bb width=\u00bb500px\u00bb width_tablet=\u00bb60%\u00bb width_phone=\u00bb100%\u00bb width_last_edited=\u00bbon|phone\u00bb max_width=\u00bb500px\u00bb max_width_tablet=\u00bb\u00bb max_width_phone=\u00bb\u00bb max_width_last_edited=\u00bbon|phone\u00bb module_alignment=\u00bbcenter\u00bb min_height=\u00bb500px\u00bb min_height_tablet=\u00bb\u00bb min_height_phone=\u00bb\u00bb min_height_last_edited=\u00bbon|phone\u00bb height_tablet=\u00bb\u00bb height_phone=\u00bb\u00bb height_last_edited=\u00bbon|phone\u00bb custom_margin=\u00bb|||-100px|false|false\u00bb custom_margin_tablet=\u00bb|||0px|false|false\u00bb custom_margin_phone=\u00bb|||0px|false|false\u00bb custom_margin_last_edited=\u00bbon|phone\u00bb global_colors_info=\u00bb{}\u00bb][\/et_pb_image][\/et_pb_column][et_pb_column type=\u00bb1_2&#8243; _builder_version=\u00bb4.16&#8243; custom_padding=\u00bb|||\u00bb global_colors_info=\u00bb{}\u00bb custom_padding__hover=\u00bb|||\u00bb][et_pb_wc_price _builder_version=\u00bb4.16&#8243; body_font_size=\u00bb18px\u00bb global_colors_info=\u00bb{}\u00bb][\/et_pb_wc_price][et_pb_button button_url=\u00bbhttps:\/\/owmwines.cl\/es\/wp-content\/uploads\/2023\/09\/OWM-Black_c.pdf\u00bb url_new_window=\u00bbon\u00bb button_text=\u00bbVER FICHA\u00bb button_alignment=\u00bbright\u00bb admin_label=\u00bbBot\u00f3n &#8211; Ver Ficha\u00bb _builder_version=\u00bb4.22.1&#8243; _module_preset=\u00bbdefault\u00bb global_colors_info=\u00bb{}\u00bb][\/et_pb_button][et_pb_wc_add_to_cart disabled_on=\u00bboff|off|off\u00bb admin_label=\u00bbProducto Woo Agregar al carrito\u00bb _builder_version=\u00bb4.16&#8243; fields_background_color=\u00bbrgba(247,247,247,0.72)\u00bb fields_text_color=\u00bb#919191&#8243; fields_focus_background_color=\u00bb#f9f9f9&#8243; fields_focus_text_color=\u00bb#5e5e5e\u00bb fields_font_size=\u00bb15px\u00bb background_enable_color=\u00bboff\u00bb custom_css_main_element=\u00bbtext-align: right;||\u00bb border_radii_fields=\u00bbon||||\u00bb locked=\u00bboff\u00bb global_colors_info=\u00bb{}\u00bb][\/et_pb_wc_add_to_cart][et_pb_gallery gallery_ids=\u00bb6835&#8243; posts_number=\u00bb5&#8243; show_title_and_caption=\u00bboff\u00bb show_pagination=\u00bboff\u00bb zoom_icon_color=\u00bbRGBA(0,0,0,0)\u00bb hover_overlay_color=\u00bbRGBA(0,0,0,0)\u00bb disabled_on=\u00bboff|off|off\u00bb admin_label=\u00bbGaler\u00eda con premios\u00bb _builder_version=\u00bb4.23.1&#8243; _module_preset=\u00bbdefault\u00bb background_enable_color=\u00bboff\u00bb width=\u00bb100%\u00bb module_alignment=\u00bbleft\u00bb link_option_url=\u00bb#\u00bb hover_enabled=\u00bb0&#8243; custom_css_main_element=\u00bb||||\u00bb custom_css_gallery_item=\u00bbpadding: 3px;||margin: 0 !important;||width: 25% !important;||clear: none !important;\u00bb global_colors_info=\u00bb{}\u00bb sticky_enabled=\u00bb0&#8243;][\/et_pb_gallery][et_pb_divider divider_position=\u00bbbottom\u00bb _builder_version=\u00bb4.16&#8243; _module_preset=\u00bbdefault\u00bb global_colors_info=\u00bb{}\u00bb][\/et_pb_divider][et_pb_wc_description admin_label=\u00bbWoo Descripci\u00f3n\u00bb _builder_version=\u00bb4.22.1&#8243; global_colors_info=\u00bb{}\u00bb][\/et_pb_wc_description][et_pb_wc_add_to_cart _builder_version=\u00bb4.16&#8243; fields_background_color=\u00bbrgba(247,247,247,0.72)\u00bb fields_text_color=\u00bb#919191&#8243; fields_focus_background_color=\u00bb#f9f9f9&#8243; fields_focus_text_color=\u00bb#5e5e5e\u00bb fields_font_size=\u00bb15px\u00bb background_enable_color=\u00bboff\u00bb border_radii_fields=\u00bbon||||\u00bb global_colors_info=\u00bb{}\u00bb][\/et_pb_wc_add_to_cart][et_pb_wc_meta show_sku=\u00bboff\u00bb show_categories=\u00bboff\u00bb show_tags=\u00bboff\u00bb _builder_version=\u00bb4.16&#8243; global_colors_info=\u00bb{}\u00bb][\/et_pb_wc_meta][\/et_pb_column][\/et_pb_row][\/et_pb_section]<\/p>\n","protected":false},"excerpt":{"rendered":"<table class=\"table table-sm table-borderless\">\n<tbody valign=\"top\">\n<tr>\n<th style=\"width: 35%;\"><label class=\"form-control-label\">VARIEDAD<\/label><\/th>\n<td style=\"width: 65%;\">35% Malbec + 25% Petit Verdot + 15% Carmenere + 15% Petite Sirah + 10% Tempranillo<\/td>\n<\/tr>\n<tr>\n<th style=\"width: 35%;\"><strong>ORIGEN<\/strong><\/th>\n<td style=\"width: 65%;\">Colchagua<\/td>\n<\/tr>\n<tr>\n<th style=\"width: 35%;\"><strong>PRODUCCI\u00d3N TOTAL<\/strong><\/th>\n<td style=\"width: 65%;\">1.500 botellas<\/td>\n<\/tr>\n<tr>\n<th style=\"width: 35%;\"><strong>EXPOSICI\u00d3N Y ALTITUD<\/strong><\/th>\n<td style=\"width: 65%;\">Norte &#8211; 130 mts<\/td>\n<\/tr>\n<tr>\n<th style=\"width: 35%;\"><strong>M\u00c9TODO DE PODA<\/strong><\/th>\n<td style=\"width: 65%;\">apitonada, guyot y cargador 10 yemas<\/td>\n<\/tr>\n<tr>\n<th style=\"width: 35%;\"><strong>DENSIDAD DE PLANTACI\u00d3N<\/strong><\/th>\n<td style=\"width: 65%;\">2.666 plantas + 4.167 plantas + 4.545 plantas<\/td>\n<\/tr>\n<tr>\n<th style=\"width: 35%;\"><strong>FECHA DE COSECHA Y M\u00c9TODO<\/strong><\/th>\n<td style=\"width: 65%;\">Cosecha Manual iniciando el 17 marzo y finalizando el 10 de abril<br \/>\npara las variedades m\u00e1s tard\u00edas<\/td>\n<\/tr>\n<tr>\n<th style=\"width: 35%;\"><strong>TIPO DE SUELO<\/strong><\/th>\n<td style=\"width: 65%;\">Gran\u00edtico coluvial<\/td>\n<\/tr>\n<tr>\n<th style=\"width: 35%;\"><strong>VINIFICACI\u00d3N Y FERMENTACI\u00d3N<\/strong><\/th>\n<td style=\"width: 65%;\">Levduras Nativas<\/td>\n<\/tr>\n<tr>\n<th style=\"width: 35%;\"><strong>GUARDA<\/strong><\/th>\n<td style=\"width: 65%;\">24 meses barricas 1\u00ba uso (20%), 2\u00ba (20%) y 3\u00ba\/4\u00ba (60%)<\/td>\n<\/tr>\n<tr>\n<th style=\"width: 35%;\"><strong>PRIMERA COSECHA<\/strong><\/th>\n<td style=\"width: 65%;\">edici\u00f3n \u00fanica que celebra los 10 a\u00f1os del inicio de una idea de hacer vino para los amigos familiares cercanos<\/td>\n<\/tr>\n<tr>\n<th style=\"width: 35%;\"><strong>ALCOHOL<\/strong><\/th>\n<td style=\"width: 65%;\">14<\/td>\n<\/tr>\n<tr>\n<th style=\"width: 35%;\"><strong>NOTAS<br \/>\n<\/strong><\/th>\n<td style=\"width: 65%;\">De color rojo rub\u00ed intenso con notas violetas. En nariz agradables aromas a frutos rojos frescos y a especies. Delicada mezcla, sensacio\u0301n de boca suave, jugosa con taninos redondos, sedosos, de estructura y volumen medio, con una acidez integrada y elegante logrando un buen equilibrio entre sus variedades.<\/td>\n<\/tr>\n<tr>\n<th style=\"width: 35%;\"><strong>MARIDAJE<br \/>\n<\/strong><\/th>\n<td style=\"width: 65%;\">Lasagna cordero, carnes asadas, asado alem\u00e1n, tabla de quesos semimaduros y charcuter\u00eda<\/td>\n<\/tr>\n<tr>\n<th style=\"width: 35%;\"><strong>T\u00ba SERVICIO<br \/>\n<\/strong><\/th>\n<td style=\"width: 65%;\">16\u00baC Verano &#8211; 18\u00baC Invierno<\/td>\n<\/tr>\n<tr>\n<th style=\"width: 35%;\"><strong>GUARDA<br \/>\n<\/strong><\/th>\n<td style=\"width: 65%;\">6 a 8 A\u00f1os<\/td>\n<\/tr>\n<\/tbody>\n<\/table>\n","protected":false},"featured_media":7388,"template":"","meta":{"_et_pb_use_builder":"on","_et_pb_old_content":"","_et_gb_content_width":""},"product_brand":[],"product_cat":[22,27],"product_tag":[],"class_list":{"0":"post-7379","1":"product","2":"type-product","3":"status-publish","4":"has-post-thumbnail","6":"product_cat-owm-hand-made","7":"product_cat-tienda","9":"first","10":"instock","11":"taxable","12":"shipping-taxable","13":"purchasable","14":"product-type-simple"},"_links":{"self":[{"href":"https:\/\/owmwines.cl\/es\/wp-json\/wp\/v2\/product\/7379","targetHints":{"allow":["GET"]}}],"collection":[{"href":"https:\/\/owmwines.cl\/es\/wp-json\/wp\/v2\/product"}],"about":[{"href":"https:\/\/owmwines.cl\/es\/wp-json\/wp\/v2\/types\/product"}],"wp:featuredmedia":[{"embeddable":true,"href":"https:\/\/owmwines.cl\/es\/wp-json\/wp\/v2\/media\/7388"}],"wp:attachment":[{"href":"https:\/\/owmwines.cl\/es\/wp-json\/wp\/v2\/media?parent=7379"}],"wp:term":[{"taxonomy":"product_brand","embeddable":true,"href":"https:\/\/owmwines.cl\/es\/wp-json\/wp\/v2\/product_brand?post=7379"},{"taxonomy":"product_cat","embeddable":true,"href":"https:\/\/owmwines.cl\/es\/wp-json\/wp\/v2\/product_cat?post=7379"},{"taxonomy":"product_tag","embeddable":true,"href":"https:\/\/owmwines.cl\/es\/wp-json\/wp\/v2\/product_tag?post=7379"}],"curies":[{"name":"wp","href":"https:\/\/api.w.org\/{rel}","templated":true}]}}